{"id":2384,"date":"2015-07-27T15:57:11","date_gmt":"2015-07-27T14:57:11","guid":{"rendered":"http:\/\/www.hotel-mont-saint-michel.com\/?page_id=2384"},"modified":"2021-12-07T09:58:49","modified_gmt":"2021-12-07T08:58:49","slug":"le-mont-saint-michel-2","status":"publish","type":"page","link":"https:\/\/www.hotel-mont-saint-michel.com\/en\/le-mont-saint-michel-2\/","title":{"rendered":"The Mont Saint-Michel"},"content":{"rendered":"<div class=\"custom \" style=\"background:-moz-linear-gradient(center top , #908E8E, #908E8E) repeat scroll 0 0 transparent;\n\t\t\t\t\t\t   background: -webkit-gradient(linear, center top, center bottom, from(#908E8E), to(#908E8E));\n\t\t\t\t\t\t   background: -o-linear-gradient(top, #908E8E 0%,#908E8E 99%); \/* Opera 11.10+ *\/\n\t\t\t\t\t\t   background: -ms-linear-gradient(top, #908E8E 0%,#908E8E 99%); \/* IE10+ *\/\n\t\t\t\t\t\t   margin-left:0 !important;\n\t\t\t\t\t\t   margin-right:0 !important;\n\t\t\t\t\t\t   border:1px solid #908E8E;\n\t\t\t\t\t\t   background-color: #908E8E;\n\t\t\t\t\t\t   width:100%;\n\t\t\t\t\t\t   color:#333333;\"><div class=\"inner-padding\">\n<div class=\"one_third\">\n<img loading=\"lazy\" decoding=\"async\" class=\"size-medium wp-image-777 alignnone\" src=\"http:\/\/www.hotel-mont-saint-michel.com\/wp-content\/uploads\/2013\/04\/nouveau-pont-mont-st-michel-11-300x200.jpg\" alt=\"nouveau-pont-mont-st-michel-1\" width=\"300\" height=\"199\" \/><br \/>\n<\/div>\n<div class=\"two_third last_column\">\n<h2>Visit Mont Saint-Michel<\/h2>\n<p><a href=\"http:\/\/www.hotel-mont-saint-michel.com\/en\/visit-the-mont-saint-michel\/\">Mont Saint-Michel <\/a> as if you were there !<br \/>\n<a class=\"btn btn-secondary\" href=\"http:\/\/www.hotel-mont-saint-michel.com\/en\/visit-the-mont-saint-michel\/\">View the video<\/a><br \/>\n<\/div>\n<\/div><\/div>\n<div class=\"custom \" style=\"background:-moz-linear-gradient(center top , #908E8E, #908E8E) repeat scroll 0 0 transparent;\n\t\t\t\t\t\t   background: -webkit-gradient(linear, center top, center bottom, from(#908E8E), to(#908E8E));\n\t\t\t\t\t\t   background: -o-linear-gradient(top, #908E8E 0%,#908E8E 99%); \/* Opera 11.10+ *\/\n\t\t\t\t\t\t   background: -ms-linear-gradient(top, #908E8E 0%,#908E8E 99%); \/* IE10+ *\/\n\t\t\t\t\t\t   margin-left:0 !important;\n\t\t\t\t\t\t   margin-right:0 !important;\n\t\t\t\t\t\t   border:1px solid #908E8E;\n\t\t\t\t\t\t   background-color: #908E8E;\n\t\t\t\t\t\t   width:100%;\n\t\t\t\t\t\t   color:#333333;\"><div class=\"inner-padding\">\n<div class=\"one_third\">\n<img loading=\"lazy\" decoding=\"async\" class=\"alignnone\" src=\"http:\/\/www.hotel-mont-saint-michel.com\/wp-content\/uploads\/2013\/04\/traversee-baie-mont-saint-michel1.jpg\" alt=\"traversee-baie-mont-saint-michel\" width=\"300\" height=\"199\" align=\"middle\" \/><br \/>\n<\/div>\n<div class=\"two_third last_column\">\n<h2>Crossing the bay of the mont saint michel<\/h2>\n<p>Crossing the bay is unique and memorable, supervised by professionals, it is with family or friends! Admire the bay in an extraordinary setting. Following the guide, you will discover the famous quicksand Island Tombelaine and tidal phenomena.<\/p>\n<p><a class=\"btn btn-secondary\" href=\"http:\/\/www.hotel-mont-saint-michel.com\/en\/crossing-the-bay\/\">View the video<\/a><br \/>\n<\/div>\n<\/div><\/div>\n<div class=\"custom \" style=\"background:-moz-linear-gradient(center top , #908E8E, #908E8E) repeat scroll 0 0 transparent;\n\t\t\t\t\t\t   background: -webkit-gradient(linear, center top, center bottom, from(#908E8E), to(#908E8E));\n\t\t\t\t\t\t   background: -o-linear-gradient(top, #908E8E 0%,#908E8E 99%); \/* Opera 11.10+ *\/\n\t\t\t\t\t\t   background: -ms-linear-gradient(top, #908E8E 0%,#908E8E 99%); \/* IE10+ *\/\n\t\t\t\t\t\t   margin-left:0 !important;\n\t\t\t\t\t\t   margin-right:0 !important;\n\t\t\t\t\t\t   border:1px solid #908E8E;\n\t\t\t\t\t\t   background-color: #908E8E;\n\t\t\t\t\t\t   width:100%;\n\t\t\t\t\t\t   color:#333333;\"><div class=\"inner-padding\">\n<div class=\"one_third\">\n<img loading=\"lazy\" decoding=\"async\" class=\"alignleft size-full wp-image-825\" src=\"http:\/\/www.hotel-mont-saint-michel.com\/wp-content\/uploads\/2013\/04\/scriptorial-mont-saint-michel1.jpg\" alt=\"scriptorial-mont-saint-michel\" width=\"300\" height=\"199\" \/><br \/>\n<\/div>\n<div class=\"two_third last_column\">\n<h2>The scriptorial : the history of Mont Saint Michel<\/h2>\n<p>Located in the heart of the Bay of Mont-Saint-Michel, Avranches, the Scriptorial traces the history of Mont Saint Michel.<\/p>\n<p>The Museum has all the manuscripts of the abbey of Mont Saint Michel and you discover real treasures through old books, written and illuminated by hand by Benedictine Monks from the 13th century.<\/p>\n<p><a class=\"btn btn-secondary\" href=\"http:\/\/www.hotel-mont-saint-michel.com\/en\/the-scriptorial\/\">Discover the Scriptorial <\/a><br \/>\n<\/div>\n<\/div><\/div>\n<div class=\"custom \" style=\"background:-moz-linear-gradient(center top , #908E8E, #908E8E) repeat scroll 0 0 transparent;\n\t\t\t\t\t\t   background: -webkit-gradient(linear, center top, center bottom, from(#908E8E), to(#908E8E));\n\t\t\t\t\t\t   background: -o-linear-gradient(top, #908E8E 0%,#908E8E 99%); \/* Opera 11.10+ *\/\n\t\t\t\t\t\t   background: -ms-linear-gradient(top, #908E8E 0%,#908E8E 99%); \/* IE10+ *\/\n\t\t\t\t\t\t   margin-left:0 !important;\n\t\t\t\t\t\t   margin-right:0 !important;\n\t\t\t\t\t\t   border:1px solid #908E8E;\n\t\t\t\t\t\t   background-color: #908E8E;\n\t\t\t\t\t\t   width:100%;\n\t\t\t\t\t\t   color:#333333;\"><div class=\"inner-padding\">\n<div class=\"one_third\">\n<img loading=\"lazy\" decoding=\"async\" class=\"alignleft size-full wp-image-4133\" src=\"https:\/\/www.hotel-mont-saint-michel.com\/wp-content\/uploads\/2013\/04\/radonnee-mt-st-michel.jpg\" alt=\"radonnee-mt-st-michel\" width=\"300\" height=\"199\" \/><br \/>\n<\/div>\n<div class=\"two_third last_column\">\n<h2>Around Mont-Saint-Michel<\/h2>\n<p>Discover non-exhaustive list of small things you can do around the Altos Hotel &amp; Spa and Mont Saint Michel<\/p>\n<p><a class=\"btn btn-secondary\" href=\"http:\/\/www.hotel-mont-saint-michel.com\/en\/tourism\/\">View the list <\/a><br \/>\n<\/div>\n<\/div><\/div>\n<div class=\"custom \" style=\"background:-moz-linear-gradient(center top , #908E8E, #908E8E) repeat scroll 0 0 transparent;\n\t\t\t\t\t\t   background: -webkit-gradient(linear, center top, center bottom, from(#908E8E), to(#908E8E));\n\t\t\t\t\t\t   background: -o-linear-gradient(top, #908E8E 0%,#908E8E 99%); \/* Opera 11.10+ *\/\n\t\t\t\t\t\t   background: -ms-linear-gradient(top, #908E8E 0%,#908E8E 99%); \/* IE10+ *\/\n\t\t\t\t\t\t   margin-left:0 !important;\n\t\t\t\t\t\t   margin-right:0 !important;\n\t\t\t\t\t\t   border:1px solid #908E8E;\n\t\t\t\t\t\t   background-color: #908E8E;\n\t\t\t\t\t\t   width:100%;\n\t\t\t\t\t\t   color:#333333;\"><div class=\"inner-padding\">\n<div class=\"one_third\">\n<img loading=\"lazy\" decoding=\"async\" class=\"alignleft size-full wp-image-4136\" src=\"https:\/\/www.hotel-mont-saint-michel.com\/wp-content\/uploads\/2013\/04\/chaussey.jpg\" alt=\"chaussey\" width=\"300\" height=\"199\" \/><br \/>\n<\/div>\n<div class=\"two_third last_column\">\n<h2>Les \u00eeles Chausey<\/h2>\n<p>Situ\u00e9 \u00e0 neuf milles du port de Granville (17 Km), l\u2019archipel Chausey est le plus grand d\u2019Europe avec ses 365 \u00eelots \u00e0 mar\u00e9e basse et 52 \u00e0 mar\u00e9e haute.<\/p>\n<p>Il est facile de se rendre sur ce puzzle min\u00e9ral sauvage, en effet il suffit de prendre l\u2019une des incontournables Vedettes Granville-Chausey, comptez 40 minutes environ de travers\u00e9e\u2026<br \/>\n<a class=\"btn btn-secondary\" href=\"http:\/\/www.hotel-mont-saint-michel.com\/le-mont-saint-michel\/chausey-baie-du-mt-st-michel\/\">D\u00e9couvrir Chausey<\/a><br \/>\n<\/div>\n<\/div><\/div>\n<div class=\"custom \" style=\"background:-moz-linear-gradient(center top , #908E8E, #908E8E) repeat scroll 0 0 transparent;\n\t\t\t\t\t\t   background: -webkit-gradient(linear, center top, center bottom, from(#908E8E), to(#908E8E));\n\t\t\t\t\t\t   background: -o-linear-gradient(top, #908E8E 0%,#908E8E 99%); \/* Opera 11.10+ *\/\n\t\t\t\t\t\t   background: -ms-linear-gradient(top, #908E8E 0%,#908E8E 99%); \/* IE10+ *\/\n\t\t\t\t\t\t   margin-left:0 !important;\n\t\t\t\t\t\t   margin-right:0 !important;\n\t\t\t\t\t\t   border:1px solid #908E8E;\n\t\t\t\t\t\t   background-color: #908E8E;\n\t\t\t\t\t\t   width:100%;\n\t\t\t\t\t\t   color:#333333;\"><div class=\"inner-padding\">\n<div class=\"one_third\">\n<img loading=\"lazy\" decoding=\"async\" class=\"size-full wp-image-791 alignnone\" src=\"http:\/\/www.hotel-mont-saint-michel.com\/wp-content\/uploads\/2013\/04\/normandie-en-video1.jpg\" alt=\"normandie-en-video\" width=\"300\" height=\"199\" \/><br \/>\n<\/div>\n<div class=\"two_third last_column\">\n<h2>La Normandie en vid\u00e9o<\/h2>\n<p>D\u00e9couvrez la Normandie en vid\u00e9o : des sites \u00e0 vous couper le souffle : Le Mont Saint Michel, le Cap de la Hague, les Plages du D\u00e9barquement, la Suisse Normande, La vall\u00e9e de la Seine, Ch\u00e2teau Gaillard, la C\u00f4te d&#8217;Alb\u00e2tre&#8230;<br \/>\n<a class=\"btn btn-secondary\" href=\"http:\/\/www.hotel-mont-saint-michel.com\/decouvrez-la-normandie-en-videos\/\">Voir les vid\u00e9os<\/a><br \/>\n<\/div>\n<\/div><\/div>\n","protected":false},"excerpt":{"rendered":"","protected":false},"author":1,"featured_media":344,"parent":0,"menu_order":0,"comment_status":"closed","ping_status":"closed","template":"page-FullWidth.php","meta":{"_acf_changed":false,"footnotes":""},"class_list":["post-2384","page","type-page","status-publish","has-post-thumbnail","hentry"],"acf":[],"yoast_head":"<!-- This site is optimized with the Yoast SEO plugin v26.8 - https:\/\/yoast.com\/product\/yoast-seo-wordpress\/ -->\n<title>The Mont Saint-Michel - Altos Hotel &amp; Spa<\/title>\n<meta name=\"robots\" content=\"index, follow, max-snippet:-1, max-image-preview:large, max-video-preview:-1\" \/>\n<link rel=\"canonical\" href=\"https:\/\/www.hotel-mont-saint-michel.com\/le-mont-saint-michel\/\" \/>\n<meta property=\"og:locale\" content=\"en_US\" \/>\n<meta property=\"og:type\" content=\"article\" \/>\n<meta property=\"og:title\" content=\"The Mont Saint-Michel - Altos Hotel &amp; Spa\" \/>\n<meta property=\"og:url\" content=\"https:\/\/www.hotel-mont-saint-michel.com\/le-mont-saint-michel\/\" \/>\n<meta property=\"og:site_name\" content=\"Altos Hotel &amp; Spa\" \/>\n<meta property=\"article:modified_time\" content=\"2021-12-07T08:58:49+00:00\" \/>\n<meta name=\"twitter:card\" content=\"summary_large_image\" \/>\n<meta name=\"twitter:label1\" content=\"Est. reading time\" \/>\n\t<meta name=\"twitter:data1\" content=\"3 minutes\" \/>\n<script type=\"application\/ld+json\" class=\"yoast-schema-graph\">{\"@context\":\"https:\/\/schema.org\",\"@graph\":[{\"@type\":\"WebPage\",\"@id\":\"https:\/\/www.hotel-mont-saint-michel.com\/le-mont-saint-michel\/\",\"url\":\"https:\/\/www.hotel-mont-saint-michel.com\/le-mont-saint-michel\/\",\"name\":\"The Mont Saint-Michel - Altos Hotel &amp; Spa\",\"isPartOf\":{\"@id\":\"https:\/\/www.hotel-mont-saint-michel.com\/#website\"},\"primaryImageOfPage\":{\"@id\":\"https:\/\/www.hotel-mont-saint-michel.com\/le-mont-saint-michel\/#primaryimage\"},\"image\":{\"@id\":\"https:\/\/www.hotel-mont-saint-michel.com\/le-mont-saint-michel\/#primaryimage\"},\"thumbnailUrl\":\"\",\"datePublished\":\"2015-07-27T14:57:11+00:00\",\"dateModified\":\"2021-12-07T08:58:49+00:00\",\"breadcrumb\":{\"@id\":\"https:\/\/www.hotel-mont-saint-michel.com\/le-mont-saint-michel\/#breadcrumb\"},\"inLanguage\":\"en-US\",\"potentialAction\":[{\"@type\":\"ReadAction\",\"target\":[\"https:\/\/www.hotel-mont-saint-michel.com\/le-mont-saint-michel\/\"]}]},{\"@type\":\"ImageObject\",\"inLanguage\":\"en-US\",\"@id\":\"https:\/\/www.hotel-mont-saint-michel.com\/le-mont-saint-michel\/#primaryimage\",\"url\":\"\",\"contentUrl\":\"\"},{\"@type\":\"BreadcrumbList\",\"@id\":\"https:\/\/www.hotel-mont-saint-michel.com\/le-mont-saint-michel\/#breadcrumb\",\"itemListElement\":[{\"@type\":\"ListItem\",\"position\":1,\"name\":\"Accueil\",\"item\":\"https:\/\/www.hotel-mont-saint-michel.com\/en\/\"},{\"@type\":\"ListItem\",\"position\":2,\"name\":\"The Mont Saint-Michel\"}]},{\"@type\":\"WebSite\",\"@id\":\"https:\/\/www.hotel-mont-saint-michel.com\/#website\",\"url\":\"https:\/\/www.hotel-mont-saint-michel.com\/\",\"name\":\"Altos Hotel &amp; Spa\",\"description\":\"\",\"potentialAction\":[{\"@type\":\"SearchAction\",\"target\":{\"@type\":\"EntryPoint\",\"urlTemplate\":\"https:\/\/www.hotel-mont-saint-michel.com\/?s={search_term_string}\"},\"query-input\":{\"@type\":\"PropertyValueSpecification\",\"valueRequired\":true,\"valueName\":\"search_term_string\"}}],\"inLanguage\":\"en-US\"}]}<\/script>\n<!-- \/ Yoast SEO plugin. -->","yoast_head_json":{"title":"The Mont Saint-Michel - Altos Hotel &amp; Spa","robots":{"index":"index","follow":"follow","max-snippet":"max-snippet:-1","max-image-preview":"max-image-preview:large","max-video-preview":"max-video-preview:-1"},"canonical":"https:\/\/www.hotel-mont-saint-michel.com\/le-mont-saint-michel\/","og_locale":"en_US","og_type":"article","og_title":"The Mont Saint-Michel - Altos Hotel &amp; Spa","og_url":"https:\/\/www.hotel-mont-saint-michel.com\/le-mont-saint-michel\/","og_site_name":"Altos Hotel &amp; Spa","article_modified_time":"2021-12-07T08:58:49+00:00","twitter_card":"summary_large_image","twitter_misc":{"Est. reading time":"3 minutes"},"schema":{"@context":"https:\/\/schema.org","@graph":[{"@type":"WebPage","@id":"https:\/\/www.hotel-mont-saint-michel.com\/le-mont-saint-michel\/","url":"https:\/\/www.hotel-mont-saint-michel.com\/le-mont-saint-michel\/","name":"The Mont Saint-Michel - Altos Hotel &amp; Spa","isPartOf":{"@id":"https:\/\/www.hotel-mont-saint-michel.com\/#website"},"primaryImageOfPage":{"@id":"https:\/\/www.hotel-mont-saint-michel.com\/le-mont-saint-michel\/#primaryimage"},"image":{"@id":"https:\/\/www.hotel-mont-saint-michel.com\/le-mont-saint-michel\/#primaryimage"},"thumbnailUrl":"","datePublished":"2015-07-27T14:57:11+00:00","dateModified":"2021-12-07T08:58:49+00:00","breadcrumb":{"@id":"https:\/\/www.hotel-mont-saint-michel.com\/le-mont-saint-michel\/#breadcrumb"},"inLanguage":"en-US","potentialAction":[{"@type":"ReadAction","target":["https:\/\/www.hotel-mont-saint-michel.com\/le-mont-saint-michel\/"]}]},{"@type":"ImageObject","inLanguage":"en-US","@id":"https:\/\/www.hotel-mont-saint-michel.com\/le-mont-saint-michel\/#primaryimage","url":"","contentUrl":""},{"@type":"BreadcrumbList","@id":"https:\/\/www.hotel-mont-saint-michel.com\/le-mont-saint-michel\/#breadcrumb","itemListElement":[{"@type":"ListItem","position":1,"name":"Accueil","item":"https:\/\/www.hotel-mont-saint-michel.com\/en\/"},{"@type":"ListItem","position":2,"name":"The Mont Saint-Michel"}]},{"@type":"WebSite","@id":"https:\/\/www.hotel-mont-saint-michel.com\/#website","url":"https:\/\/www.hotel-mont-saint-michel.com\/","name":"Altos Hotel &amp; Spa","description":"","potentialAction":[{"@type":"SearchAction","target":{"@type":"EntryPoint","urlTemplate":"https:\/\/www.hotel-mont-saint-michel.com\/?s={search_term_string}"},"query-input":{"@type":"PropertyValueSpecification","valueRequired":true,"valueName":"search_term_string"}}],"inLanguage":"en-US"}]}},"_links":{"self":[{"href":"https:\/\/www.hotel-mont-saint-michel.com\/en\/wp-json\/wp\/v2\/pages\/2384","targetHints":{"allow":["GET"]}}],"collection":[{"href":"https:\/\/www.hotel-mont-saint-michel.com\/en\/wp-json\/wp\/v2\/pages"}],"about":[{"href":"https:\/\/www.hotel-mont-saint-michel.com\/en\/wp-json\/wp\/v2\/types\/page"}],"author":[{"embeddable":true,"href":"https:\/\/www.hotel-mont-saint-michel.com\/en\/wp-json\/wp\/v2\/users\/1"}],"replies":[{"embeddable":true,"href":"https:\/\/www.hotel-mont-saint-michel.com\/en\/wp-json\/wp\/v2\/comments?post=2384"}],"version-history":[{"count":7,"href":"https:\/\/www.hotel-mont-saint-michel.com\/en\/wp-json\/wp\/v2\/pages\/2384\/revisions"}],"predecessor-version":[{"id":5943,"href":"https:\/\/www.hotel-mont-saint-michel.com\/en\/wp-json\/wp\/v2\/pages\/2384\/revisions\/5943"}],"wp:featuredmedia":[{"embeddable":true,"href":"https:\/\/www.hotel-mont-saint-michel.com\/en\/wp-json\/"}],"wp:attachment":[{"href":"https:\/\/www.hotel-mont-saint-michel.com\/en\/wp-json\/wp\/v2\/media?parent=2384"}],"curies":[{"name":"wp","href":"https:\/\/api.w.org\/{rel}","templated":true}]}}