{"id":670,"date":"2013-06-12T15:13:28","date_gmt":"2013-06-12T14:13:28","guid":{"rendered":"http:\/\/s196754460.onlinehome.fr\/avranches\/?page_id=670"},"modified":"2021-12-07T09:52:03","modified_gmt":"2021-12-07T08:52:03","slug":"professionals-companies","status":"publish","type":"page","link":"https:\/\/www.hotel-mont-saint-michel.com\/en\/rates\/professionals-companies\/","title":{"rendered":"Professionals \/ Companies"},"content":{"rendered":"<h2 style=\"text-align: center; padding-bottom: 25px;\">&#8211; Enjoy our corporate discounts &#8211;<\/h2>\n<div class=\"custom \" style=\"background:-moz-linear-gradient(center top , #000000, #000000) repeat scroll 0 0 transparent;\n\t\t\t\t\t\t   background: -webkit-gradient(linear, center top, center bottom, from(#000000), to(#000000));\n\t\t\t\t\t\t   background: -o-linear-gradient(top, #000000 0%,#000000 99%); \/* Opera 11.10+ *\/\n\t\t\t\t\t\t   background: -ms-linear-gradient(top, #000000 0%,#000000 99%); \/* IE10+ *\/\n\t\t\t\t\t\t   margin-left:0 !important;\n\t\t\t\t\t\t   margin-right:0 !important;\n\t\t\t\t\t\t   border:1px solid #000000;\n\t\t\t\t\t\t   background-color: #000000;\n\t\t\t\t\t\t   width:100%;\n\t\t\t\t\t\t   color:#333333;\"><div class=\"inner-padding\">\n<div class=\"one_fourth\">\n<img loading=\"lazy\" decoding=\"async\" src=\"https:\/\/www.hotel-mont-saint-michel.com\/wp-content\/uploads\/2016\/11\/EN-soiree-profesionnelles-avranches.png\" alt=\"Soir\u00e9e professionnelle - H\u00f4tel Altos\" width=\"300\" height=\"200\" \/><br \/>\n<\/div>\n<div class=\"three_fourth last_column\">\n<h2>Room + Breakfast from \u20ac 78<\/h2>\n<ul class=\"list-11\">\n<li><strong>Room + Breakfast<\/strong><\/li>\n<\/ul>\n<p><a style=\"text-decoration: underline;\" href=\"https:\/\/www.hotel-mont-saint-michel.com\/en\/rates\/professionals-companies\/#details\">Description<\/a><\/p>\n<div style=\"text-align: center;\"><a class=\"btn btn-secondary\" href=\"http:\/\/hotel.reservit.com\/front10305\/front.do?m=booking&amp;custid=2&amp;langcode=EN&amp;hotelid=10305\" target=\"_blank\" rel=\"noopener\">BOOK NOW<\/a><\/div>\n<\/div>\n<\/div><\/div>\n<div class=\"custom \" style=\"background:-moz-linear-gradient(center top , #000000, #000000) repeat scroll 0 0 transparent;\n\t\t\t\t\t\t   background: -webkit-gradient(linear, center top, center bottom, from(#000000), to(#000000));\n\t\t\t\t\t\t   background: -o-linear-gradient(top, #000000 0%,#000000 99%); \/* Opera 11.10+ *\/\n\t\t\t\t\t\t   background: -ms-linear-gradient(top, #000000 0%,#000000 99%); \/* IE10+ *\/\n\t\t\t\t\t\t   margin-left:0 !important;\n\t\t\t\t\t\t   margin-right:0 !important;\n\t\t\t\t\t\t   border:1px solid #000000;\n\t\t\t\t\t\t   background-color: #000000;\n\t\t\t\t\t\t   width:100%;\n\t\t\t\t\t\t   color:#333333;\"><div class=\"inner-padding\">\n<div class=\"one_fourth\">\n<img loading=\"lazy\" decoding=\"async\" src=\"https:\/\/www.hotel-mont-saint-michel.com\/wp-content\/uploads\/2016\/11\/EN-soiree-etape.png\" alt=\"Soir\u00e9e \u00e9tape - H\u00f4tel Altos\" width=\"300\" height=\"200\" \/><br \/>\n<\/div>\n<div class=\"three_fourth last_column\">\n<h2>Overnight stay from \u20ac 98<\/h2>\n<ul class=\"list-11\">\n<li><strong>Single room double bed + Breakfast + Dinner at the restaurant<\/strong><\/li>\n<li>Offers customized for longer stays on request<\/li>\n<\/ul>\n<p>** Preferential rates from Monday to Friday, except events and high season-<br \/>\nOn-line reservation &#8211; Offers personalized for stays long lasting in the demand(request).<\/p>\n<p><a style=\"text-decoration: underline;\" href=\"https:\/\/www.hotel-mont-saint-michel.com\/en\/rates\/professionals-companies\/#details\">Description<\/a><\/p>\n<p>&nbsp;<\/p>\n<div style=\"text-align: center;\"><a class=\"btn btn-secondary\" href=\"http:\/\/hotel.reservit.com\/front10305\/front.do?m=booking&amp;custid=2&amp;langcode=EN&amp;hotelid=10305\" target=\"_blank\" rel=\"noopener\">BOOK NOW<\/a><\/div>\n<\/div>\n<\/div><\/div>\n<div class=\"custom \" style=\"background:-moz-linear-gradient(center top , #000000, #000000) repeat scroll 0 0 transparent;\n\t\t\t\t\t\t   background: -webkit-gradient(linear, center top, center bottom, from(#000000), to(#000000));\n\t\t\t\t\t\t   background: -o-linear-gradient(top, #000000 0%,#000000 99%); \/* Opera 11.10+ *\/\n\t\t\t\t\t\t   background: -ms-linear-gradient(top, #000000 0%,#000000 99%); \/* IE10+ *\/\n\t\t\t\t\t\t   margin-left:0 !important;\n\t\t\t\t\t\t   margin-right:0 !important;\n\t\t\t\t\t\t   border:1px solid #000000;\n\t\t\t\t\t\t   background-color: #000000;\n\t\t\t\t\t\t   width:100%;\n\t\t\t\t\t\t   color:#333333;\"><div class=\"inner-padding\">\n<p style=\"font-size: 12px; text-align: center;\">Offers customized \u00a0<a href=\"https:\/\/www.hotel-mont-saint-michel.com\/en\/contact\/\">for longer stays on request<\/a>.<\/p>\n<p><a name=\"details\"><\/a><\/p>\n<h3 style=\"text-align: center;\">Please contact us for more information\u00a002 33 58 66 64<\/h3>\n<\/div><\/div>\n<div style=\"padding: 10px; background-color: #1e1f25;\">\n<h3>Description<\/h3>\n<\/div>\n<div style=\"padding: 10px; background-color: #20242b;\">&gt; Double queen size bed 160 x 200. (Or two single beds on request)<\/div>\n<div style=\"padding: 10px; background-color: #1e1f25;\">&gt; Large office<\/div>\n<div style=\"padding: 10px; background-color: #20242b;\">&gt; Wifi guaranteed in all chambres<\/div>\n<div style=\"padding: 10px; background-color: #1e1f25;\">&gt; TV HD widescreen<\/div>\n<div style=\"padding: 10px; background-color: #20242b;\">&gt; Duvets, pillows and new high-end bedding<\/div>\n<div style=\"padding: 10px; background-color: #1e1f25;\">&gt; Spacious, bright and soundproof<\/div>\n<div style=\"padding: 10px; background-color: #20242b;\">&gt; Glazed patio doors on degag\u00e9e view<\/div>\n<div style=\"padding: 10px; background-color: #1e1f25;\">&gt; Bathroom and separate toilet in each room<\/div>\n<div style=\"padding: 10px; background-color: #20242b;\">&gt; Bath or walk-in shower<\/div>\n<div style=\"padding: 10px; background-color: #1e1f25;\">&gt; Closed and secured parking included<\/div>\n","protected":false},"excerpt":{"rendered":"<p>&#8211; Enjoy our corporate discounts &#8211; Description &gt; Double queen size bed 160 x 200. (Or two single beds on request) &gt; Large office &gt; Wifi guaranteed in all chambres &gt; TV HD widescreen &gt; Duvets, pillows and new high-end bedding &gt; Spacious, bright and soundproof &gt;<\/p>\n","protected":false},"author":1,"featured_media":0,"parent":710,"menu_order":0,"comment_status":"open","ping_status":"open","template":"page-FullWidth.php","meta":{"_acf_changed":false,"footnotes":""},"class_list":["post-670","page","type-page","status-publish","hentry"],"acf":[],"yoast_head":"<!-- This site is optimized with the Yoast SEO plugin v26.8 - https:\/\/yoast.com\/product\/yoast-seo-wordpress\/ -->\n<title>Professionals \/ Companies - Altos Hotel &amp; Spa<\/title>\n<meta name=\"robots\" content=\"index, follow, max-snippet:-1, max-image-preview:large, max-video-preview:-1\" \/>\n<link rel=\"canonical\" href=\"https:\/\/www.hotel-mont-saint-michel.com\/tarifs\/professionnels\/\" \/>\n<meta property=\"og:locale\" content=\"en_US\" \/>\n<meta property=\"og:type\" content=\"article\" \/>\n<meta property=\"og:title\" content=\"Professionals \/ Companies - Altos Hotel &amp; Spa\" \/>\n<meta property=\"og:description\" content=\"&#8211; Enjoy our corporate discounts &#8211; Description &gt; Double queen size bed 160 x 200. (Or two single beds on request) &gt; Large office &gt; Wifi guaranteed in all chambres &gt; TV HD widescreen &gt; Duvets, pillows and new high-end bedding &gt; Spacious, bright and soundproof &gt;\" \/>\n<meta property=\"og:url\" content=\"https:\/\/www.hotel-mont-saint-michel.com\/tarifs\/professionnels\/\" \/>\n<meta property=\"og:site_name\" content=\"Altos Hotel &amp; Spa\" \/>\n<meta property=\"article:modified_time\" content=\"2021-12-07T08:52:03+00:00\" \/>\n<meta property=\"og:image\" content=\"https:\/\/www.hotel-mont-saint-michel.com\/wp-content\/uploads\/2016\/11\/EN-soiree-profesionnelles-avranches.png\" \/>\n<meta name=\"twitter:card\" content=\"summary_large_image\" \/>\n<meta name=\"twitter:label1\" content=\"Est. reading time\" \/>\n\t<meta name=\"twitter:data1\" content=\"2 minutes\" \/>\n<script type=\"application\/ld+json\" class=\"yoast-schema-graph\">{\"@context\":\"https:\/\/schema.org\",\"@graph\":[{\"@type\":\"WebPage\",\"@id\":\"https:\/\/www.hotel-mont-saint-michel.com\/tarifs\/professionnels\/\",\"url\":\"https:\/\/www.hotel-mont-saint-michel.com\/tarifs\/professionnels\/\",\"name\":\"Professionals \/ Companies - Altos Hotel &amp; Spa\",\"isPartOf\":{\"@id\":\"https:\/\/www.hotel-mont-saint-michel.com\/#website\"},\"primaryImageOfPage\":{\"@id\":\"https:\/\/www.hotel-mont-saint-michel.com\/tarifs\/professionnels\/#primaryimage\"},\"image\":{\"@id\":\"https:\/\/www.hotel-mont-saint-michel.com\/tarifs\/professionnels\/#primaryimage\"},\"thumbnailUrl\":\"https:\/\/www.hotel-mont-saint-michel.com\/wp-content\/uploads\/2016\/11\/EN-soiree-profesionnelles-avranches.png\",\"datePublished\":\"2013-06-12T14:13:28+00:00\",\"dateModified\":\"2021-12-07T08:52:03+00:00\",\"breadcrumb\":{\"@id\":\"https:\/\/www.hotel-mont-saint-michel.com\/tarifs\/professionnels\/#breadcrumb\"},\"inLanguage\":\"en-US\",\"potentialAction\":[{\"@type\":\"ReadAction\",\"target\":[\"https:\/\/www.hotel-mont-saint-michel.com\/tarifs\/professionnels\/\"]}]},{\"@type\":\"ImageObject\",\"inLanguage\":\"en-US\",\"@id\":\"https:\/\/www.hotel-mont-saint-michel.com\/tarifs\/professionnels\/#primaryimage\",\"url\":\"https:\/\/www.hotel-mont-saint-michel.com\/wp-content\/uploads\/2016\/11\/EN-soiree-profesionnelles-avranches.png\",\"contentUrl\":\"https:\/\/www.hotel-mont-saint-michel.com\/wp-content\/uploads\/2016\/11\/EN-soiree-profesionnelles-avranches.png\"},{\"@type\":\"BreadcrumbList\",\"@id\":\"https:\/\/www.hotel-mont-saint-michel.com\/tarifs\/professionnels\/#breadcrumb\",\"itemListElement\":[{\"@type\":\"ListItem\",\"position\":1,\"name\":\"Accueil\",\"item\":\"https:\/\/www.hotel-mont-saint-michel.com\/en\/\"},{\"@type\":\"ListItem\",\"position\":2,\"name\":\"Rates\",\"item\":\"https:\/\/www.hotel-mont-saint-michel.com\/en\/rates\/\"},{\"@type\":\"ListItem\",\"position\":3,\"name\":\"Professionals \/ Companies\"}]},{\"@type\":\"WebSite\",\"@id\":\"https:\/\/www.hotel-mont-saint-michel.com\/#website\",\"url\":\"https:\/\/www.hotel-mont-saint-michel.com\/\",\"name\":\"Altos Hotel &amp; Spa\",\"description\":\"\",\"potentialAction\":[{\"@type\":\"SearchAction\",\"target\":{\"@type\":\"EntryPoint\",\"urlTemplate\":\"https:\/\/www.hotel-mont-saint-michel.com\/?s={search_term_string}\"},\"query-input\":{\"@type\":\"PropertyValueSpecification\",\"valueRequired\":true,\"valueName\":\"search_term_string\"}}],\"inLanguage\":\"en-US\"}]}<\/script>\n<!-- \/ Yoast SEO plugin. -->","yoast_head_json":{"title":"Professionals \/ Companies - Altos Hotel &amp; Spa","robots":{"index":"index","follow":"follow","max-snippet":"max-snippet:-1","max-image-preview":"max-image-preview:large","max-video-preview":"max-video-preview:-1"},"canonical":"https:\/\/www.hotel-mont-saint-michel.com\/tarifs\/professionnels\/","og_locale":"en_US","og_type":"article","og_title":"Professionals \/ Companies - Altos Hotel &amp; Spa","og_description":"&#8211; Enjoy our corporate discounts &#8211; Description &gt; Double queen size bed 160 x 200. (Or two single beds on request) &gt; Large office &gt; Wifi guaranteed in all chambres &gt; TV HD widescreen &gt; Duvets, pillows and new high-end bedding &gt; Spacious, bright and soundproof &gt;","og_url":"https:\/\/www.hotel-mont-saint-michel.com\/tarifs\/professionnels\/","og_site_name":"Altos Hotel &amp; Spa","article_modified_time":"2021-12-07T08:52:03+00:00","og_image":[{"url":"https:\/\/www.hotel-mont-saint-michel.com\/wp-content\/uploads\/2016\/11\/EN-soiree-profesionnelles-avranches.png","type":"","width":"","height":""}],"twitter_card":"summary_large_image","twitter_misc":{"Est. reading time":"2 minutes"},"schema":{"@context":"https:\/\/schema.org","@graph":[{"@type":"WebPage","@id":"https:\/\/www.hotel-mont-saint-michel.com\/tarifs\/professionnels\/","url":"https:\/\/www.hotel-mont-saint-michel.com\/tarifs\/professionnels\/","name":"Professionals \/ Companies - Altos Hotel &amp; Spa","isPartOf":{"@id":"https:\/\/www.hotel-mont-saint-michel.com\/#website"},"primaryImageOfPage":{"@id":"https:\/\/www.hotel-mont-saint-michel.com\/tarifs\/professionnels\/#primaryimage"},"image":{"@id":"https:\/\/www.hotel-mont-saint-michel.com\/tarifs\/professionnels\/#primaryimage"},"thumbnailUrl":"https:\/\/www.hotel-mont-saint-michel.com\/wp-content\/uploads\/2016\/11\/EN-soiree-profesionnelles-avranches.png","datePublished":"2013-06-12T14:13:28+00:00","dateModified":"2021-12-07T08:52:03+00:00","breadcrumb":{"@id":"https:\/\/www.hotel-mont-saint-michel.com\/tarifs\/professionnels\/#breadcrumb"},"inLanguage":"en-US","potentialAction":[{"@type":"ReadAction","target":["https:\/\/www.hotel-mont-saint-michel.com\/tarifs\/professionnels\/"]}]},{"@type":"ImageObject","inLanguage":"en-US","@id":"https:\/\/www.hotel-mont-saint-michel.com\/tarifs\/professionnels\/#primaryimage","url":"https:\/\/www.hotel-mont-saint-michel.com\/wp-content\/uploads\/2016\/11\/EN-soiree-profesionnelles-avranches.png","contentUrl":"https:\/\/www.hotel-mont-saint-michel.com\/wp-content\/uploads\/2016\/11\/EN-soiree-profesionnelles-avranches.png"},{"@type":"BreadcrumbList","@id":"https:\/\/www.hotel-mont-saint-michel.com\/tarifs\/professionnels\/#breadcrumb","itemListElement":[{"@type":"ListItem","position":1,"name":"Accueil","item":"https:\/\/www.hotel-mont-saint-michel.com\/en\/"},{"@type":"ListItem","position":2,"name":"Rates","item":"https:\/\/www.hotel-mont-saint-michel.com\/en\/rates\/"},{"@type":"ListItem","position":3,"name":"Professionals \/ Companies"}]},{"@type":"WebSite","@id":"https:\/\/www.hotel-mont-saint-michel.com\/#website","url":"https:\/\/www.hotel-mont-saint-michel.com\/","name":"Altos Hotel &amp; Spa","description":"","potentialAction":[{"@type":"SearchAction","target":{"@type":"EntryPoint","urlTemplate":"https:\/\/www.hotel-mont-saint-michel.com\/?s={search_term_string}"},"query-input":{"@type":"PropertyValueSpecification","valueRequired":true,"valueName":"search_term_string"}}],"inLanguage":"en-US"}]}},"_links":{"self":[{"href":"https:\/\/www.hotel-mont-saint-michel.com\/en\/wp-json\/wp\/v2\/pages\/670","targetHints":{"allow":["GET"]}}],"collection":[{"href":"https:\/\/www.hotel-mont-saint-michel.com\/en\/wp-json\/wp\/v2\/pages"}],"about":[{"href":"https:\/\/www.hotel-mont-saint-michel.com\/en\/wp-json\/wp\/v2\/types\/page"}],"author":[{"embeddable":true,"href":"https:\/\/www.hotel-mont-saint-michel.com\/en\/wp-json\/wp\/v2\/users\/1"}],"replies":[{"embeddable":true,"href":"https:\/\/www.hotel-mont-saint-michel.com\/en\/wp-json\/wp\/v2\/comments?post=670"}],"version-history":[{"count":18,"href":"https:\/\/www.hotel-mont-saint-michel.com\/en\/wp-json\/wp\/v2\/pages\/670\/revisions"}],"predecessor-version":[{"id":5939,"href":"https:\/\/www.hotel-mont-saint-michel.com\/en\/wp-json\/wp\/v2\/pages\/670\/revisions\/5939"}],"up":[{"embeddable":true,"href":"https:\/\/www.hotel-mont-saint-michel.com\/en\/wp-json\/wp\/v2\/pages\/710"}],"wp:attachment":[{"href":"https:\/\/www.hotel-mont-saint-michel.com\/en\/wp-json\/wp\/v2\/media?parent=670"}],"curies":[{"name":"wp","href":"https:\/\/api.w.org\/{rel}","templated":true}]}}